{"id":13,"date":"2017-07-01T21:02:30","date_gmt":"2017-07-01T19:02:30","guid":{"rendered":"http:\/\/localhost:8888\/wordpress\/?page_id=13"},"modified":"2022-01-10T16:04:56","modified_gmt":"2022-01-10T16:04:56","slug":"agenda","status":"publish","type":"page","link":"https:\/\/lapetiteassociation.com\/?page_id=13","title":{"rendered":"Agenda"},"content":{"rendered":"<p>\u00a0<\/p>\n<p>\u00a0<\/p>\n<p><strong>29&gt;30\/03\/2022<br \/>Laurent\u2013 Th\u00e9\u00e2tre de l&rsquo;Onde \u2013 TU- Nantes<\/strong><\/p>\n<p><strong>27\/11\/2021<br \/>Workshop<\/strong>\u2013 Th\u00e9\u00e2tre de l&rsquo;Onde \u2013 V\u00e9lizy-Villacoublay<\/p>\n<p><strong>27\/11\/2021<br \/>Workshop<\/strong>\u2013 Th\u00e9\u00e2tre de l&rsquo;Onde \u2013 V\u00e9lizy-Villacoublay<\/p>\n<p><strong>19&gt;20\/11\/2021<br \/>Laurent<\/strong>\u2013 Th\u00e9\u00e2tre de l&rsquo;Onde \u2013 V\u00e9lizy-Villacoublay<strong><br \/><\/strong><\/p>\n<p>27\/07\/2021<strong><br \/>Laurent <\/strong>\u2013 PREMI\u00c8RE \u2013 Th\u00e9\u00e2tre Paul \u00c9luard -Bezons<strong><br \/><\/strong><\/p>\n<p>03\/07\/2021<br \/><strong>Chemin<\/strong> \u2013 CDCN-la Briqueterie \u2013 Vitry Sur Seine<\/p>\n<p>22\/05\/21<br \/><strong>Chemin<\/strong> \u2013 CDCN-la Briqueterie \u2013 Vitry Sur Seine<\/p>\n<p>19\/05\/2021<br \/><strong>Chemin<\/strong> \u2013 CDCN-la Briqueterie \u2013 Vitry Sur Seine<\/p>\n<p>10&gt;11\/10\/2020<br \/><strong>Outsiders, la rencontre<\/strong> \u2013 La Filature, sc\u00e8ne nationale\u00a0\u2013\u00a0Mulhouse<\/p>\n<p>21\/09\/2019<br \/><strong>Secret Marlon\u00a0<\/strong>\u2013 Effervescences 2019 \u2013 Ville de Clermont Ferrand<\/p>\n<p>23&gt;24\/05\/2019<br \/><strong>Outsiders, la rencontre<\/strong> \u2013 L&rsquo;Onde th\u00e9\u00e2tre, V\u00e9lizy-Villacoublay<\/p>\n<p><span style=\"color: #000000;\">02\/06\/2018<\/span><br \/><span style=\"color: #000000;\"><em><strong>J&rsquo;aime <\/strong><\/em>&#8211; Cr\u00e9ation amateurs au man\u00e8ge, sc\u00e8ne nationale &#8211; Reims<\/span><\/p>\n<p>15&gt;16\/05\/2018<br \/><em><strong>Outsiders, la rencontre<\/strong><\/em> &#8211; Espace Malraux, sc\u00e8ne nationale de Chamb\u00e9ry et de la Savoie<\/p>\n<p>08\/02\/2018<br \/><em><strong>En souvenir de l&rsquo;indien<\/strong> <\/em>&#8211; Limoges<\/p>\n<p>31\/01&gt;01\/02\/2018<br \/><em><strong>Outsiders, la rencontre<\/strong><\/em> &#8211; Faits d&rsquo;hiver (Micadanses) au Carreau du Temple<\/p>\n<p>08\/11\/2017<br \/><em><strong>Outsiders, la rencontre<\/strong><\/em> (cr\u00e9ation) &#8211; man\u00e8ge, sc\u00e8ne nationale &#8211; Reims<\/p>\n<p>23\/09\/2017<br \/><em><strong>Outsiders<\/strong><\/em> (\u00e9tape) &#8211; Parcours tout court \u00e0 Lorient<\/p>\n<p>11\/06\/2016<br \/><strong>En Souvenir de l&rsquo;Indien &#8211; <\/strong>CDC Uz\u00e8s Danse\u00a0(FR)<\/p>\n<p>19\/05\/2016<br \/><strong>En Souvenir de l&rsquo;Indien &#8211; <\/strong>Le Cuvier \u2013 CDC d\u2019Aquitaine \/ Hors les murs : La Manufacture Atlantique \u2013 Bordeaux\u00a0(FR)<\/p>\n<p>21\/04\/2016<br \/><strong>En Souvenir de l&rsquo;Indien &#8211; <\/strong>P\u00f4le Sud \u2013 CDC Strasbourg (FR)<\/p>\n<p>30\/03\/2016<br \/><strong>En Souvenir de l&rsquo;Indien &#8211; <\/strong>CDC de Toulouse \/ Midi-Pyr\u00e9n\u00e9es \/ Th\u00e9\u00e2tre de la Fabrique\u00a0(FR)<\/p>\n<p>23\/03\/2016<br \/><strong>En Souvenir de l&rsquo;Indien &#8211;<\/strong>Le Grand Bain, Le Gymnase \u2013 CDC de Roubaix Nord Pas de Calais (en collaboration avec le Vivat \u2013 Sc\u00e8ne conventionn\u00e9e danse et th\u00e9\u00e2tre d\u2019Armenti\u00e8res)<\/p>\n<p>25\/01\/2016<br \/><strong>En Souvenir de l&rsquo;Indien &#8211; <\/strong>Concentr\u00e9 de danses, Le Pacifique \u2013 CDC de Grenoble\u00a0(FR)<\/p>\n<p>20\/01\/2016<br \/><strong>En Souvenir de l&rsquo;Indien &#8211; <\/strong>Festival Art Danse \u2013 CDC Dijon Bourgogne \/ Th\u00e9\u00e2tre Mansart (FR)<\/p>\n<p>13\/10\/2015<br \/><strong>En Souvenir de l&rsquo;Indien &#8211; <\/strong>Festival C\u2019est comme \u00e7a !, L\u2019Echangeur \u2013 CDC Picardie \/ Maison des Arts de Laon<\/p>\n<p>24&lt;25\/09\/2015<br \/><strong>En Souvenir de l&rsquo;Indien &#8211;<\/strong>CDC Ateliers de Paris \u2013 Carolyn Carlson en partenariat avec La Briqueterie \u2013 CDC du Val-de-Marne, dans le cadre des Plateaux<\/p>\n<p>30&lt;31\/07\/2015<br \/><strong>En Souvenir de l&rsquo;Indien &#8211;<\/strong>Festival Theater Aan Zee \u2013 Oostende \u2013 Belgique<\/p>\n<p>05\/07\/2014<br \/><strong>Naufrage &#8211;<\/strong>Format en Ard\u00e8che, Ucel (FR)<\/p>\n<p>22&lt;23\/03\/2014<br \/><strong>Naufrage\u00a0&#8211;<\/strong>Les Insolites du Week-end, Th\u00e9\u00e2tre des Bergeries, Noisy-le-Sec (FR)<\/p>\n<p>05\/02\/2014<br \/><strong>Naufrage &#8211; <\/strong>Festival Respirations, Mains d\u2019Oeuvres, St-Ouen (FR)<\/p>\n<p>05\/04\/2013<br \/><strong>Naufrage &#8211; <\/strong>Maison de l\u2019Arbre de Montreuil (FR)<\/p>\n<p>22\/03\/2013<br \/><strong>Marlon &#8211;\u00a0<\/strong>Auditorium Saint-Michel-Les Sables D\u2019Olonne<\/p>\n<p>08\/03\/2013<strong><br \/>Marlon &#8211; <\/strong>Maison culturelle d&rsquo;Ath- ATh-[BE]\u00a0<\/p>\n<p>2&lt;3\/02\/2013<br \/><strong>Marlon &#8211;\u00a0<\/strong>studio 303-Montr\u00e9al\u00a0<\/p>\n<p>24\/01\/2013<br \/><strong>Marlon<\/strong> &#8211; CDC Art Danse Bourgogne &#8211;\u00a0Dijon-[FR]\u00a0<\/p>\n<p>05&lt;06\/12\/2012<br \/><strong>Marlon<\/strong> &#8211; TAP Sc\u00e8ne nationale de Poitiers- Festival Art Danse- Poitiers- [ FR]<\/p>\n<p>08\/06\/2012<br \/><strong>Marlon<\/strong> &#8211; Centre National de Grenoble- Soir\u00e9es plurielles- [FR]<\/p>\n<p>10\/03\/2012<br \/><strong>Marlon<\/strong> &#8211; Maison de la Musique et de la Danse de Bagneux- [FR]<\/p>\n<p><span style=\"font-size: revert;\">21&lt;29\/02\/2012<br \/><strong>Marlon &#8211;<\/strong>Tourn\u00e9e CCAS<\/span><\/p>\n<p><span style=\"font-size: revert;\">20\/02\/2012<\/span><br \/><strong>Marlon<\/strong> &#8211; Petit Varia- Vrak Festival-Bruxelles [BE]<\/p>\n<p>15 &lt;20\/11\/2011<br \/><strong>Marlon<\/strong> &#8211; Maison des M\u00e9tallos Paris [FR]\u00a0<\/p>\n<p>08 &lt;13\/11\/2011<br \/><strong>Marlon<\/strong> &#8211; Maison des M\u00e9tallos Paris [FR]\u00a0<\/p>\n<p>22\/10\/2011<br \/><strong>Marlon<\/strong> &#8211; B\u00e2tard Festival Bruxelles [BE]<\/p>\n<p>30\/09\/2011<br \/><strong>Marlon<\/strong>\u00a0 &#8211; Th\u00e9\u00e2tre de la Cit\u00e9 Internationale Festival d&rsquo;Automne Paris [FR]<\/p>\n<p>30\/07&lt;05\/08\/2011<br \/><strong>Marlon<\/strong>\u00a0 &#8211; Theater Aan Zee\/Oostende [BE]<\/p>\n<p>22&lt;28\/07\/2011<br \/><strong>Marlon<\/strong>\u00a0 &#8211; Tourn\u00e9e CCAS [FR]\u00a0<\/p>\n<p>16\/06\/2011<br \/><strong>Marlon\u00a0<\/strong> &#8211; Pessac en Sc\u00e8nes Pessac [FR]<\/p>\n<p>13&lt;14\/05\/2011<br \/><strong>Marlon\u00a0<\/strong> &#8211; La Filature, sc\u00e8ne nationale Mulhouse [FR]\u00a0<\/p>\n<p>14&lt;16\/04\/2011<br \/><strong>Marlon<\/strong>\u00a0 &#8211; Le Grand R, sc\u00e8ne nationale de La Roche sur Yon [FR]\u00a0<\/p>\n<p>19&lt;20\/03\/2011<br \/><strong>Marlon<\/strong>\u00a0 &#8211; Th\u00e9\u00e2tre des Bergeries Noisy-le-Sec [FR]\u00a0<\/p>\n<p>12\/03\/2011<br \/><strong>Marlon<\/strong>\u00a0 &#8211; Mains d&rsquo;\u0153uvres Festival Les Incandescences St Ouen [FR]\u00a0<\/p>\n<p>10\/03\/2011<br \/><strong>Marlon<\/strong>\u00a0 &#8211; Espaces Pluriels, sc\u00e8ne conventionn\u00e9e Pau [FR]\u00a0<\/p>\n<p>18&lt;19\/02\/2011<br \/><strong>Marlon\u00a0<\/strong> &#8211; Centre d&rsquo;Intervention Culturelle Saint-Andr\u00e9 [RE]\u00a0<\/p>\n<p>24\/01\/2011<br \/><strong>Marlon<\/strong>\u00a0 &#8211; Atelier 210 Festival Edtition(s) Limit\u00e9e(s) Bruxelles<\/p>\n<p>13\/01\/2011<br \/><strong>Marlon<\/strong>\u00a0 &#8211; Atelier Culture &#8211; La Piscine Dunkerque [FR]\u00a0<\/p>\n<p>20\/11\/2011<br \/><strong>Marlon\u00a0<\/strong> &#8211; Maison de la Danse Lyon [FR]\u00a0<\/p>\n<p>15\/10\/2010<br \/><strong>Marlon<\/strong>\u00a0 &#8211; Festival C&rsquo;est comme \u00e7a! F\u00e8re-en-Tardenois [FR]\u00a0<\/p>\n<p>28&lt;30\/09\/2010<br \/><strong>Marlon<\/strong>\u00a0 &#8211; actOral Marseille [FR]\u00a0<\/p>\n<p>17\/09\/2010<br \/><strong>Marlon<\/strong>\u00a0 -Rote Fabrik Z\u00fcrich [CH]\u00a0<\/p>\n<p>22&lt;28\/10\/2010<br \/><strong>Marlon<\/strong>\u00a0 &#8211; Th\u00e9\u00e2tre de la Condition des Soies Avignon [FR]\u00a0<\/p>\n<p>16&lt;17\/10\/2010<br \/><strong>Marlon<\/strong>\u00a0 &#8211; Festival Rayon Frais, les arts et la ville Tours [FR]\u00a0<\/p>\n<p>12\/07\/2010<br \/><strong>Marlon<\/strong>\u00a0 &#8211; Contre Courant Avignon [FR]\u00a0<\/p>\n<p>18\/06\/2010<br \/><strong>Marlon<\/strong>\u00a0 &#8211; Latitudes Contemporaines Lille [FR] 18-06-2010<\/p>\n<p>12&lt;13\/06\/2010<br \/><strong>Marlon<\/strong>\u00a0 -sc\u00e8ne nationale Douai [FR]<\/p>\n<p>24\/10\/2010<br \/><strong>Marlon<\/strong>\u00a0 &#8211; P\u00f4le Sud &#8211; Sc\u00e8ne conventionn\u00e9e Festival Nouvelles Strasbourg [FR] 29-05-2010<\/p>\n<p>24\/10\/2010<br \/><strong>Marlon<\/strong>\u00a0 &#8211; Festival Seine de danse Nanterre [FR] 27-05-2010<\/p>\n<p>24\/10\/2010<br \/><strong>Marlon<\/strong>\u00a0 &#8211; Espaces Pluriels, sc\u00e8ne conventionn\u00e9e Pau [FR] 14-03-2010<\/p>\n<p>24\/10\/2010<br \/><strong>Marlon<\/strong>\u00a0 &#8211; VRAK Festival 2010 &#8211; L&rsquo;L Bruxelles [BE] 05 au 07-02-2010<\/p>\n<p>24\/10\/2010<br \/><strong>Marlon<\/strong>\u00a0 &#8211; L&rsquo;Echangeur Bagnolet [FR] 26 au 27-06-2009<\/p>\n<p>\u00a0<\/p>\n\n\n<blockquote class=\"wp-block-quote is-layout-flow wp-block-quote-is-layout-flow\"><p><\/p><\/blockquote>\n\n\n\n<div class=\"wp-block-group\"><div class=\"wp-block-group__inner-container is-layout-flow wp-block-group-is-layout-flow\">\n<figure class=\"wp-block-image size-full\"><img loading=\"lazy\" decoding=\"async\" width=\"2560\" height=\"1707\" src=\"https:\/\/lapetiteassociation.com\/wp-content\/uploads\/2021\/09\/Jaime-Cirque-0022-HD-scaled.jpg\" alt=\"\" class=\"wp-image-121\" srcset=\"https:\/\/lapetiteassociation.com\/wp-content\/uploads\/2021\/09\/Jaime-Cirque-0022-HD-scaled.jpg 2560w, https:\/\/lapetiteassociation.com\/wp-content\/uploads\/2021\/09\/Jaime-Cirque-0022-HD-300x200.jpg 300w, https:\/\/lapetiteassociation.com\/wp-content\/uploads\/2021\/09\/Jaime-Cirque-0022-HD-1024x683.jpg 1024w, https:\/\/lapetiteassociation.com\/wp-content\/uploads\/2021\/09\/Jaime-Cirque-0022-HD-768x512.jpg 768w, https:\/\/lapetiteassociation.com\/wp-content\/uploads\/2021\/09\/Jaime-Cirque-0022-HD-1536x1024.jpg 1536w, https:\/\/lapetiteassociation.com\/wp-content\/uploads\/2021\/09\/Jaime-Cirque-0022-HD-2048x1365.jpg 2048w\" sizes=\"auto, (max-width: 767px) 89vw, (max-width: 1000px) 54vw, (max-width: 1071px) 543px, 580px\" \/><\/figure>\n<\/div><\/div>\n\n\n\n<div class=\"wp-block-group\"><div class=\"wp-block-group__inner-container is-layout-flow wp-block-group-is-layout-flow\"><\/div><\/div>\n\n\n\n<div class=\"wp-block-group\"><div class=\"wp-block-group__inner-container is-layout-flow wp-block-group-is-layout-flow\"><\/div><\/div>\n\n\n\n<p><\/p>\n","protected":false},"excerpt":{"rendered":"<p>\u00a0 \u00a0 29&gt;30\/03\/2022Laurent\u2013 Th\u00e9\u00e2tre de l&rsquo;Onde \u2013 TU- Nantes 27\/11\/2021Workshop\u2013 Th\u00e9\u00e2tre de l&rsquo;Onde \u2013 V\u00e9lizy-Villacoublay 27\/11\/2021Workshop\u2013 Th\u00e9\u00e2tre de l&rsquo;Onde \u2013 V\u00e9lizy-Villacoublay 19&gt;20\/11\/2021Laurent\u2013 Th\u00e9\u00e2tre de l&rsquo;Onde \u2013 V\u00e9lizy-Villacoublay 27\/07\/2021Laurent \u2013 PREMI\u00c8RE \u2013 Th\u00e9\u00e2tre Paul \u00c9luard -Bezons 03\/07\/2021Chemin \u2013 CDCN-la Briqueterie \u2013 Vitry Sur Seine 22\/05\/21Chemin \u2013 CDCN-la Briqueterie \u2013 Vitry Sur Seine 19\/05\/2021Chemin \u2013 CDCN-la Briqueterie &hellip; <\/p>\n<p class=\"link-more\"><a href=\"https:\/\/lapetiteassociation.com\/?page_id=13\" class=\"more-link\">Continuer la lecture<span class=\"screen-reader-text\"> de &laquo;&nbsp;Agenda&nbsp;&raquo;<\/span><\/a><\/p>\n","protected":false},"author":1,"featured_media":168,"parent":136,"menu_order":-1,"comment_status":"closed","ping_status":"closed","template":"","meta":{"footnotes":""},"class_list":["post-13","page","type-page","status-publish","has-post-thumbnail","hentry"],"_links":{"self":[{"href":"https:\/\/lapetiteassociation.com\/index.php?rest_route=\/wp\/v2\/pages\/13","targetHints":{"allow":["GET"]}}],"collection":[{"href":"https:\/\/lapetiteassociation.com\/index.php?rest_route=\/wp\/v2\/pages"}],"about":[{"href":"https:\/\/lapetiteassociation.com\/index.php?rest_route=\/wp\/v2\/types\/page"}],"author":[{"embeddable":true,"href":"https:\/\/lapetiteassociation.com\/index.php?rest_route=\/wp\/v2\/users\/1"}],"replies":[{"embeddable":true,"href":"https:\/\/lapetiteassociation.com\/index.php?rest_route=%2Fwp%2Fv2%2Fcomments&post=13"}],"version-history":[{"count":20,"href":"https:\/\/lapetiteassociation.com\/index.php?rest_route=\/wp\/v2\/pages\/13\/revisions"}],"predecessor-version":[{"id":412,"href":"https:\/\/lapetiteassociation.com\/index.php?rest_route=\/wp\/v2\/pages\/13\/revisions\/412"}],"up":[{"embeddable":true,"href":"https:\/\/lapetiteassociation.com\/index.php?rest_route=\/wp\/v2\/pages\/136"}],"wp:featuredmedia":[{"embeddable":true,"href":"https:\/\/lapetiteassociation.com\/index.php?rest_route=\/wp\/v2\/media\/168"}],"wp:attachment":[{"href":"https:\/\/lapetiteassociation.com\/index.php?rest_route=%2Fwp%2Fv2%2Fmedia&parent=13"}],"curies":[{"name":"wp","href":"https:\/\/api.w.org\/{rel}","templated":true}]}}