{"id":136,"date":"2021-09-23T15:38:40","date_gmt":"2021-09-23T15:38:40","guid":{"rendered":"https:\/\/lapetiteassociation.com\/?page_id=136"},"modified":"2023-06-20T09:05:23","modified_gmt":"2023-06-20T09:05:23","slug":"actualites","status":"publish","type":"page","link":"https:\/\/lapetiteassociation.com\/?page_id=136","title":{"rendered":"Laurent"},"content":{"rendered":"\n<blockquote class=\"wp-block-quote is-layout-flow wp-block-quote-is-layout-flow\">\n<p>Hier dans les embouteillages, j\u2019essayais de me frayer un chemin, Porte de la Chapelle. Je doublais un mec dans une voiture, on \u00e9tait presque \u00e0 l\u2019arr\u00eat, il y avait des voitures partout, sur trois files, j\u2019avais ferm\u00e9 mes porti\u00e8res de l\u2019int\u00e9rieur pour pas \u00eatre emmerd\u00e9e par des hommes qui trainent et font la manche, c\u2019\u00e9tait hostile, la circulation c\u2019est hostile, hostile, je cherchais \u00e0 passer, j\u2019investissais tous les espaces vacants pour rentrer chez moi, et j\u2019ai essay\u00e9 de &#8211; ce qui m\u2019a sembl\u00e9 \u00eatre- forcer le passage devant une voiture. J\u2019ai lev\u00e9 les yeux et j\u2019ai crois\u00e9 le regard de ce type. Je m\u2019attendais \u00e0 me faire engueuler, \u00e0 une grimace rageuse, agac\u00e9e et en fait on s\u2019est souri. J\u2019\u00e9tais choqu\u00e9e. J\u2019\u00e9tais \u00e9mue. J\u2019ai failli pleurer. J\u2019\u00e9tais amoureuse.<\/p>\n<\/blockquote>\n\n\n\n<figure class=\"wp-block-gallery has-nested-images columns-default is-cropped wp-block-gallery-1 is-layout-flex wp-block-gallery-is-layout-flex\">\n<figure class=\"wp-block-image size-large\"><img loading=\"lazy\" decoding=\"async\" width=\"1024\" height=\"683\" data-id=\"130\" src=\"https:\/\/lapetiteassociation.com\/wp-content\/uploads\/2021\/09\/1789-1024x683.jpg\" alt=\"\" class=\"wp-image-130\" srcset=\"https:\/\/lapetiteassociation.com\/wp-content\/uploads\/2021\/09\/1789-1024x683.jpg 1024w, https:\/\/lapetiteassociation.com\/wp-content\/uploads\/2021\/09\/1789-300x200.jpg 300w, https:\/\/lapetiteassociation.com\/wp-content\/uploads\/2021\/09\/1789-768x512.jpg 768w, https:\/\/lapetiteassociation.com\/wp-content\/uploads\/2021\/09\/1789-1536x1024.jpg 1536w, https:\/\/lapetiteassociation.com\/wp-content\/uploads\/2021\/09\/1789-2048x1365.jpg 2048w\" sizes=\"auto, (max-width: 767px) 89vw, (max-width: 1000px) 54vw, (max-width: 1071px) 543px, 580px\" \/><\/figure>\n\n\n\n<figure class=\"wp-block-image size-large\"><img loading=\"lazy\" decoding=\"async\" width=\"1024\" height=\"683\" data-id=\"129\" src=\"https:\/\/lapetiteassociation.com\/wp-content\/uploads\/2021\/09\/1767-1024x683.jpg\" alt=\"\" class=\"wp-image-129\" srcset=\"https:\/\/lapetiteassociation.com\/wp-content\/uploads\/2021\/09\/1767-1024x683.jpg 1024w, https:\/\/lapetiteassociation.com\/wp-content\/uploads\/2021\/09\/1767-300x200.jpg 300w, https:\/\/lapetiteassociation.com\/wp-content\/uploads\/2021\/09\/1767-768x512.jpg 768w, https:\/\/lapetiteassociation.com\/wp-content\/uploads\/2021\/09\/1767-1536x1024.jpg 1536w, https:\/\/lapetiteassociation.com\/wp-content\/uploads\/2021\/09\/1767-2048x1365.jpg 2048w\" sizes=\"auto, (max-width: 767px) 89vw, (max-width: 1000px) 54vw, (max-width: 1071px) 543px, 580px\" \/><\/figure>\n\n\n\n<figure class=\"wp-block-image size-large\"><img loading=\"lazy\" decoding=\"async\" width=\"1024\" height=\"756\" data-id=\"127\" src=\"https:\/\/lapetiteassociation.com\/wp-content\/uploads\/2021\/09\/1676-1024x756.jpg\" alt=\"\" class=\"wp-image-127\" srcset=\"https:\/\/lapetiteassociation.com\/wp-content\/uploads\/2021\/09\/1676-1024x756.jpg 1024w, https:\/\/lapetiteassociation.com\/wp-content\/uploads\/2021\/09\/1676-300x222.jpg 300w, https:\/\/lapetiteassociation.com\/wp-content\/uploads\/2021\/09\/1676-768x567.jpg 768w, https:\/\/lapetiteassociation.com\/wp-content\/uploads\/2021\/09\/1676-1536x1134.jpg 1536w, https:\/\/lapetiteassociation.com\/wp-content\/uploads\/2021\/09\/1676-2048x1512.jpg 2048w\" sizes=\"auto, (max-width: 767px) 89vw, (max-width: 1000px) 54vw, (max-width: 1071px) 543px, 580px\" \/><\/figure>\n\n\n\n<figure class=\"wp-block-image size-large\"><img loading=\"lazy\" decoding=\"async\" width=\"1024\" height=\"890\" data-id=\"126\" src=\"https:\/\/lapetiteassociation.com\/wp-content\/uploads\/2021\/09\/1606-1024x890.jpg\" alt=\"\" class=\"wp-image-126\" srcset=\"https:\/\/lapetiteassociation.com\/wp-content\/uploads\/2021\/09\/1606-1024x890.jpg 1024w, https:\/\/lapetiteassociation.com\/wp-content\/uploads\/2021\/09\/1606-300x261.jpg 300w, https:\/\/lapetiteassociation.com\/wp-content\/uploads\/2021\/09\/1606-768x668.jpg 768w, https:\/\/lapetiteassociation.com\/wp-content\/uploads\/2021\/09\/1606-1536x1335.jpg 1536w, https:\/\/lapetiteassociation.com\/wp-content\/uploads\/2021\/09\/1606-2048x1780.jpg 2048w\" sizes=\"auto, (max-width: 767px) 89vw, (max-width: 1000px) 54vw, (max-width: 1071px) 543px, 580px\" \/><\/figure>\n\n\n\n<figure class=\"wp-block-image size-large\"><img loading=\"lazy\" decoding=\"async\" width=\"1024\" height=\"683\" data-id=\"128\" src=\"https:\/\/lapetiteassociation.com\/wp-content\/uploads\/2021\/09\/1723-1024x683.jpg\" alt=\"\" class=\"wp-image-128\" srcset=\"https:\/\/lapetiteassociation.com\/wp-content\/uploads\/2021\/09\/1723-1024x683.jpg 1024w, https:\/\/lapetiteassociation.com\/wp-content\/uploads\/2021\/09\/1723-300x200.jpg 300w, https:\/\/lapetiteassociation.com\/wp-content\/uploads\/2021\/09\/1723-768x512.jpg 768w, https:\/\/lapetiteassociation.com\/wp-content\/uploads\/2021\/09\/1723-1536x1024.jpg 1536w, https:\/\/lapetiteassociation.com\/wp-content\/uploads\/2021\/09\/1723-2048x1365.jpg 2048w\" sizes=\"auto, (max-width: 767px) 89vw, (max-width: 1000px) 54vw, (max-width: 1071px) 543px, 580px\" \/><\/figure>\n\n\n\n<figure class=\"wp-block-image size-large\"><img loading=\"lazy\" decoding=\"async\" width=\"487\" height=\"706\" data-id=\"166\" src=\"https:\/\/lapetiteassociation.com\/wp-content\/uploads\/2021\/09\/Capture-de\u0301cran-2021-03-30-a\u0300-17.23.51.png\" alt=\"\" class=\"wp-image-166\" srcset=\"https:\/\/lapetiteassociation.com\/wp-content\/uploads\/2021\/09\/Capture-de\u0301cran-2021-03-30-a\u0300-17.23.51.png 487w, https:\/\/lapetiteassociation.com\/wp-content\/uploads\/2021\/09\/Capture-de\u0301cran-2021-03-30-a\u0300-17.23.51-207x300.png 207w\" sizes=\"auto, (max-width: 487px) 100vw, 487px\" \/><\/figure>\n<\/figure>\n\n\n\n<pre class=\"wp-block-preformatted\">Concept, interpr\u00e9tation, \u00e9criture, chor\u00e9graphie : Aude Lachaise\nPr\u00e9sence artistique : Thibaud Le Maguer\nDramaturgie : Youness Anzane\nDirection technique et cr\u00e9ation sonore : Vincent Bonnet-Gayoso\nLumi\u00e8re : Lilian Blaise\nProduction : Simge Gucuk\nCollaboratrice corps : Cl\u00e9mence Galliard\nCostume : Pascal St-Andr\u00e9\n\n-\n\nProduction : La.Pe.A\nCoproductions et mentions : L\u2019Onde Th\u00e9\u00e2tre Centre d\u2019Art, En r\u00e9sidence au Th\u00e9\u00e2tre Paul Eluard (TPE de Bezons, sc\u00e8ne conventionn\u00e9e d\u2019int\u00e9r\u00eat national Art et Cr\u00e9ation \u2013 Danse \nCoproduction de La Briqueterie \u2013 Centre De D\u00e9veloppement Chor\u00e9graphique National du Val-De-Marne.\nAccueil en r\u00e9sidence : avec le soutien de Mont\u00e9vid\u00e9o Centre d\u2019Art, de Marseille objectif DansE \navec le soutien des Laboratoires d\u2019Aubervilliers\n\nLa.Pe.A \/\/ Aude Lachaise est soutenue par le Minist\u00e8re de la Culture et de la Communication - DRAC \u00cele-de-France.\n<\/pre>\n\n\n\n<figure class=\"wp-block-gallery has-nested-images columns-default is-cropped wp-block-gallery-2 is-layout-flex wp-block-gallery-is-layout-flex\">\n<figure class=\"wp-block-image size-large\"><img loading=\"lazy\" decoding=\"async\" width=\"557\" height=\"339\" data-id=\"402\" src=\"https:\/\/lapetiteassociation.com\/wp-content\/uploads\/2021\/11\/Visuel-Laurent-mail-2.png\" alt=\"\" class=\"wp-image-402\" srcset=\"https:\/\/lapetiteassociation.com\/wp-content\/uploads\/2021\/11\/Visuel-Laurent-mail-2.png 557w, https:\/\/lapetiteassociation.com\/wp-content\/uploads\/2021\/11\/Visuel-Laurent-mail-2-300x183.png 300w\" sizes=\"auto, (max-width: 557px) 100vw, 557px\" \/><\/figure>\n<\/figure>\n","protected":false},"excerpt":{"rendered":"<p>Hier dans les embouteillages, j\u2019essayais de me frayer un chemin, Porte de la Chapelle. Je doublais un mec dans une voiture, on \u00e9tait presque \u00e0 l\u2019arr\u00eat, il y avait des voitures partout, sur trois files, j\u2019avais ferm\u00e9 mes porti\u00e8res de l\u2019int\u00e9rieur pour pas \u00eatre emmerd\u00e9e par des hommes qui trainent et font la manche, c\u2019\u00e9tait &hellip; <\/p>\n<p class=\"link-more\"><a href=\"https:\/\/lapetiteassociation.com\/?page_id=136\" class=\"more-link\">Continuer la lecture<span class=\"screen-reader-text\"> de &laquo;&nbsp;Laurent&nbsp;&raquo;<\/span><\/a><\/p>\n","protected":false},"author":1,"featured_media":137,"parent":0,"menu_order":0,"comment_status":"closed","ping_status":"closed","template":"","meta":{"footnotes":""},"class_list":["post-136","page","type-page","status-publish","has-post-thumbnail","hentry"],"_links":{"self":[{"href":"https:\/\/lapetiteassociation.com\/index.php?rest_route=\/wp\/v2\/pages\/136","targetHints":{"allow":["GET"]}}],"collection":[{"href":"https:\/\/lapetiteassociation.com\/index.php?rest_route=\/wp\/v2\/pages"}],"about":[{"href":"https:\/\/lapetiteassociation.com\/index.php?rest_route=\/wp\/v2\/types\/page"}],"author":[{"embeddable":true,"href":"https:\/\/lapetiteassociation.com\/index.php?rest_route=\/wp\/v2\/users\/1"}],"replies":[{"embeddable":true,"href":"https:\/\/lapetiteassociation.com\/index.php?rest_route=%2Fwp%2Fv2%2Fcomments&post=136"}],"version-history":[{"count":10,"href":"https:\/\/lapetiteassociation.com\/index.php?rest_route=\/wp\/v2\/pages\/136\/revisions"}],"predecessor-version":[{"id":503,"href":"https:\/\/lapetiteassociation.com\/index.php?rest_route=\/wp\/v2\/pages\/136\/revisions\/503"}],"wp:featuredmedia":[{"embeddable":true,"href":"https:\/\/lapetiteassociation.com\/index.php?rest_route=\/wp\/v2\/media\/137"}],"wp:attachment":[{"href":"https:\/\/lapetiteassociation.com\/index.php?rest_route=%2Fwp%2Fv2%2Fmedia&parent=136"}],"curies":[{"name":"wp","href":"https:\/\/api.w.org\/{rel}","templated":true}]}}