{"id":205,"date":"2021-10-07T12:58:50","date_gmt":"2021-10-07T12:58:50","guid":{"rendered":"https:\/\/lapetiteassociation.com\/?page_id=205"},"modified":"2021-10-10T12:26:31","modified_gmt":"2021-10-10T12:26:31","slug":"projets-participatifs","status":"publish","type":"page","link":"https:\/\/lapetiteassociation.com\/?page_id=205","title":{"rendered":"Projets participatifs"},"content":{"rendered":"\n<p>La petite association envisage l\u2019exp\u00e9rience artistique comme un facteur d\u2019\u00e9mancipation personnelle et collective et c\u2019est pour d\u00e9fendre ces valeurs, qu\u2019elle a cr\u00e9\u00e9 le projet <em>Chemin<\/em>.<\/p>\n\n\n\n<p>La diversit\u00e9, les classes sociales, les questions de genre, les in\u00e9galit\u00e9s g\u00e9ographiques sont au c\u0153ur des pr\u00e9occupations d\u2019Aude Lachaise. C\u2019est \u00e0 travers des actions autour de la relation entre danse et oralit\u00e9, signature formelle de la compagnie, qu\u2019elle m\u00e8ne une r\u00e9flexion collective sur ces questions depuis 2014.<\/p>\n\n\n\n<figure class=\"wp-block-image size-large\"><img loading=\"lazy\" decoding=\"async\" width=\"1024\" height=\"683\" src=\"https:\/\/lapetiteassociation.com\/wp-content\/uploads\/2021\/10\/210703_JB-0025-Bdef-1-1024x683.jpg\" alt=\"\" class=\"wp-image-226\" srcset=\"https:\/\/lapetiteassociation.com\/wp-content\/uploads\/2021\/10\/210703_JB-0025-Bdef-1-1024x683.jpg 1024w, https:\/\/lapetiteassociation.com\/wp-content\/uploads\/2021\/10\/210703_JB-0025-Bdef-1-300x200.jpg 300w, https:\/\/lapetiteassociation.com\/wp-content\/uploads\/2021\/10\/210703_JB-0025-Bdef-1-768x512.jpg 768w, https:\/\/lapetiteassociation.com\/wp-content\/uploads\/2021\/10\/210703_JB-0025-Bdef-1-1536x1024.jpg 1536w, https:\/\/lapetiteassociation.com\/wp-content\/uploads\/2021\/10\/210703_JB-0025-Bdef-1.jpg 1600w\" sizes=\"auto, (max-width: 767px) 89vw, (max-width: 1000px) 54vw, (max-width: 1071px) 543px, 580px\" \/><figcaption>Chemin, de Aude Lachaise, avec Nadia Asalti, Manon Delangle, Aude Lachaise, Pauline Notteghem,Julie Scott, et Thibaud Le Maguer, dans le cadre de Six Heures du Soir en \u00c9t\u00e9, \u00e0 la Briqueterie le 3 juillet 2021. <br>\u00a9Joseph Banderet<\/figcaption><\/figure>\n\n\n\n<div class=\"wp-block-group\"><div class=\"wp-block-group__inner-container is-layout-flow wp-block-group-is-layout-flow\">\n<p><strong>CHEMIN<\/strong> <\/p>\n\n\n\n<p>\u00c0 d\u00e9couvrir <a href=\"https:\/\/lapetiteassociation.com\/?page_id=155\" data-type=\"page\" data-id=\"155\">ici<\/a><\/p>\n<\/div><\/div>\n\n\n\n<p><\/p>\n","protected":false},"excerpt":{"rendered":"<p>La petite association envisage l\u2019exp\u00e9rience artistique comme un facteur d\u2019\u00e9mancipation personnelle et collective et c\u2019est pour d\u00e9fendre ces valeurs, qu\u2019elle a cr\u00e9\u00e9 le projet Chemin. La diversit\u00e9, les classes sociales, les questions de genre, les in\u00e9galit\u00e9s g\u00e9ographiques sont au c\u0153ur des pr\u00e9occupations d\u2019Aude Lachaise. C\u2019est \u00e0 travers des actions autour de la relation entre danse &hellip; <\/p>\n<p class=\"link-more\"><a href=\"https:\/\/lapetiteassociation.com\/?page_id=205\" class=\"more-link\">Continuer la lecture<span class=\"screen-reader-text\"> de &laquo;&nbsp;Projets participatifs&nbsp;&raquo;<\/span><\/a><\/p>\n","protected":false},"author":1,"featured_media":124,"parent":0,"menu_order":0,"comment_status":"closed","ping_status":"closed","template":"","meta":{"footnotes":""},"class_list":["post-205","page","type-page","status-publish","has-post-thumbnail","hentry"],"_links":{"self":[{"href":"https:\/\/lapetiteassociation.com\/index.php?rest_route=\/wp\/v2\/pages\/205","targetHints":{"allow":["GET"]}}],"collection":[{"href":"https:\/\/lapetiteassociation.com\/index.php?rest_route=\/wp\/v2\/pages"}],"about":[{"href":"https:\/\/lapetiteassociation.com\/index.php?rest_route=\/wp\/v2\/types\/page"}],"author":[{"embeddable":true,"href":"https:\/\/lapetiteassociation.com\/index.php?rest_route=\/wp\/v2\/users\/1"}],"replies":[{"embeddable":true,"href":"https:\/\/lapetiteassociation.com\/index.php?rest_route=%2Fwp%2Fv2%2Fcomments&post=205"}],"version-history":[{"count":6,"href":"https:\/\/lapetiteassociation.com\/index.php?rest_route=\/wp\/v2\/pages\/205\/revisions"}],"predecessor-version":[{"id":246,"href":"https:\/\/lapetiteassociation.com\/index.php?rest_route=\/wp\/v2\/pages\/205\/revisions\/246"}],"wp:featuredmedia":[{"embeddable":true,"href":"https:\/\/lapetiteassociation.com\/index.php?rest_route=\/wp\/v2\/media\/124"}],"wp:attachment":[{"href":"https:\/\/lapetiteassociation.com\/index.php?rest_route=%2Fwp%2Fv2%2Fmedia&parent=205"}],"curies":[{"name":"wp","href":"https:\/\/api.w.org\/{rel}","templated":true}]}}