{"id":270,"date":"2021-10-10T14:37:55","date_gmt":"2021-10-10T14:37:55","guid":{"rendered":"https:\/\/lapetiteassociation.com\/?page_id=270"},"modified":"2021-10-10T14:49:04","modified_gmt":"2021-10-10T14:49:04","slug":"outsider","status":"publish","type":"page","link":"https:\/\/lapetiteassociation.com\/?page_id=270","title":{"rendered":"Outsider"},"content":{"rendered":"\n<blockquote class=\"wp-block-quote is-layout-flow wp-block-quote-is-layout-flow\"><p>Un stand-up micro sur pied dans un halo de lumi\u00e8re, une poursuite ou une douche peut-\u00eatre.<br>Des tournures de phrases bien senties, des mots d&rsquo;esprit, des anecdotes soi-disant personnelles, un d\u00e9bit de mitraillette.\u00a0<br>Peut-\u00eatre.<br>Une gestuelle typique qui cr\u00e9e la connivence.<br>\u00catre \u00e0 la fois insolent et fragile. Attachant mais inattendu. Charismatique et accessible. Sexy mais sympathique.\u00a0<br>Sinon un sujet \u00e9loquent, nourri par des lectures choisies \u00a0(en cours).<br>Un sujet qui frotte avec la d\u00e9contraction du ton.\u00a0<br>Par exemple les in\u00e9galit\u00e9s.<\/p><\/blockquote>\n\n\n\n<figure class=\"wp-block-embed is-type-video is-provider-vimeo wp-block-embed-vimeo wp-embed-aspect-16-9 wp-has-aspect-ratio\"><div class=\"wp-block-embed__wrapper\">\n<iframe loading=\"lazy\" title=\"outsider 2015 pour vimeo\" src=\"https:\/\/player.vimeo.com\/video\/143363641?dnt=1&amp;app_id=122963\" width=\"525\" height=\"295\" frameborder=\"0\" allow=\"autoplay; fullscreen; picture-in-picture; clipboard-write\"><\/iframe>\n<\/div><figcaption>\u00a9Pascal Bordenave<\/figcaption><\/figure>\n\n\n\n<figure class=\"wp-block-gallery columns-3 is-cropped wp-block-gallery-1 is-layout-flex wp-block-gallery-is-layout-flex\"><ul class=\"blocks-gallery-grid\"><li class=\"blocks-gallery-item\"><figure><img loading=\"lazy\" decoding=\"async\" width=\"683\" height=\"1024\" src=\"https:\/\/lapetiteassociation.com\/wp-content\/uploads\/2021\/10\/2015-04-24-Aude-Lachaise@Herve\u0301-Ve\u0301rone\u0300se-Centre-Pompidou-2304-683x1024.jpg\" alt=\"\" data-id=\"271\" data-full-url=\"https:\/\/lapetiteassociation.com\/wp-content\/uploads\/2021\/10\/2015-04-24-Aude-Lachaise@Herve\u0301-Ve\u0301rone\u0300se-Centre-Pompidou-2304-scaled.jpg\" data-link=\"https:\/\/lapetiteassociation.com\/?attachment_id=271\" class=\"wp-image-271\" srcset=\"https:\/\/lapetiteassociation.com\/wp-content\/uploads\/2021\/10\/2015-04-24-Aude-Lachaise@Herve\u0301-Ve\u0301rone\u0300se-Centre-Pompidou-2304-683x1024.jpg 683w, https:\/\/lapetiteassociation.com\/wp-content\/uploads\/2021\/10\/2015-04-24-Aude-Lachaise@Herve\u0301-Ve\u0301rone\u0300se-Centre-Pompidou-2304-200x300.jpg 200w, https:\/\/lapetiteassociation.com\/wp-content\/uploads\/2021\/10\/2015-04-24-Aude-Lachaise@Herve\u0301-Ve\u0301rone\u0300se-Centre-Pompidou-2304-768x1152.jpg 768w, https:\/\/lapetiteassociation.com\/wp-content\/uploads\/2021\/10\/2015-04-24-Aude-Lachaise@Herve\u0301-Ve\u0301rone\u0300se-Centre-Pompidou-2304-1024x1536.jpg 1024w, https:\/\/lapetiteassociation.com\/wp-content\/uploads\/2021\/10\/2015-04-24-Aude-Lachaise@Herve\u0301-Ve\u0301rone\u0300se-Centre-Pompidou-2304-1365x2048.jpg 1365w, https:\/\/lapetiteassociation.com\/wp-content\/uploads\/2021\/10\/2015-04-24-Aude-Lachaise@Herve\u0301-Ve\u0301rone\u0300se-Centre-Pompidou-2304-scaled.jpg 1707w\" sizes=\"auto, (max-width: 683px) 100vw, 683px\" \/><\/figure><\/li><li class=\"blocks-gallery-item\"><figure><img loading=\"lazy\" decoding=\"async\" width=\"683\" height=\"1024\" src=\"https:\/\/lapetiteassociation.com\/wp-content\/uploads\/2021\/10\/2015-04-24-Aude-Lachaise@Herve\u0301-Ve\u0301rone\u0300se-Centre-Pompidou-2305-683x1024.jpg\" alt=\"\" data-id=\"272\" data-full-url=\"https:\/\/lapetiteassociation.com\/wp-content\/uploads\/2021\/10\/2015-04-24-Aude-Lachaise@Herve\u0301-Ve\u0301rone\u0300se-Centre-Pompidou-2305-scaled.jpg\" data-link=\"https:\/\/lapetiteassociation.com\/?attachment_id=272\" class=\"wp-image-272\" srcset=\"https:\/\/lapetiteassociation.com\/wp-content\/uploads\/2021\/10\/2015-04-24-Aude-Lachaise@Herve\u0301-Ve\u0301rone\u0300se-Centre-Pompidou-2305-683x1024.jpg 683w, https:\/\/lapetiteassociation.com\/wp-content\/uploads\/2021\/10\/2015-04-24-Aude-Lachaise@Herve\u0301-Ve\u0301rone\u0300se-Centre-Pompidou-2305-200x300.jpg 200w, https:\/\/lapetiteassociation.com\/wp-content\/uploads\/2021\/10\/2015-04-24-Aude-Lachaise@Herve\u0301-Ve\u0301rone\u0300se-Centre-Pompidou-2305-768x1152.jpg 768w, https:\/\/lapetiteassociation.com\/wp-content\/uploads\/2021\/10\/2015-04-24-Aude-Lachaise@Herve\u0301-Ve\u0301rone\u0300se-Centre-Pompidou-2305-1024x1536.jpg 1024w, https:\/\/lapetiteassociation.com\/wp-content\/uploads\/2021\/10\/2015-04-24-Aude-Lachaise@Herve\u0301-Ve\u0301rone\u0300se-Centre-Pompidou-2305-1365x2048.jpg 1365w, https:\/\/lapetiteassociation.com\/wp-content\/uploads\/2021\/10\/2015-04-24-Aude-Lachaise@Herve\u0301-Ve\u0301rone\u0300se-Centre-Pompidou-2305-scaled.jpg 1707w\" sizes=\"auto, (max-width: 683px) 100vw, 683px\" \/><\/figure><\/li><li class=\"blocks-gallery-item\"><figure><img loading=\"lazy\" decoding=\"async\" width=\"683\" height=\"1024\" src=\"https:\/\/lapetiteassociation.com\/wp-content\/uploads\/2021\/10\/2015-04-24-Aude-Lachaise@Herve\u0301-Ve\u0301rone\u0300se-Centre-Pompidou-2465-683x1024.jpg\" alt=\"\" data-id=\"273\" data-full-url=\"https:\/\/lapetiteassociation.com\/wp-content\/uploads\/2021\/10\/2015-04-24-Aude-Lachaise@Herve\u0301-Ve\u0301rone\u0300se-Centre-Pompidou-2465-scaled.jpg\" data-link=\"https:\/\/lapetiteassociation.com\/?attachment_id=273\" class=\"wp-image-273\" srcset=\"https:\/\/lapetiteassociation.com\/wp-content\/uploads\/2021\/10\/2015-04-24-Aude-Lachaise@Herve\u0301-Ve\u0301rone\u0300se-Centre-Pompidou-2465-683x1024.jpg 683w, https:\/\/lapetiteassociation.com\/wp-content\/uploads\/2021\/10\/2015-04-24-Aude-Lachaise@Herve\u0301-Ve\u0301rone\u0300se-Centre-Pompidou-2465-200x300.jpg 200w, https:\/\/lapetiteassociation.com\/wp-content\/uploads\/2021\/10\/2015-04-24-Aude-Lachaise@Herve\u0301-Ve\u0301rone\u0300se-Centre-Pompidou-2465-768x1152.jpg 768w, https:\/\/lapetiteassociation.com\/wp-content\/uploads\/2021\/10\/2015-04-24-Aude-Lachaise@Herve\u0301-Ve\u0301rone\u0300se-Centre-Pompidou-2465-1024x1536.jpg 1024w, https:\/\/lapetiteassociation.com\/wp-content\/uploads\/2021\/10\/2015-04-24-Aude-Lachaise@Herve\u0301-Ve\u0301rone\u0300se-Centre-Pompidou-2465-1365x2048.jpg 1365w, https:\/\/lapetiteassociation.com\/wp-content\/uploads\/2021\/10\/2015-04-24-Aude-Lachaise@Herve\u0301-Ve\u0301rone\u0300se-Centre-Pompidou-2465-scaled.jpg 1707w\" sizes=\"auto, (max-width: 683px) 100vw, 683px\" \/><\/figure><\/li><\/ul><figcaption class=\"blocks-gallery-caption\"><em>\u00a9Herv\u00e9 V\u00e9ron\u00e8se<\/em><\/figcaption><\/figure>\n\n\n\n<p><\/p>\n\n\n\n<blockquote class=\"wp-block-quote is-layout-flow wp-block-quote-is-layout-flow\"><p><\/p><\/blockquote>\n","protected":false},"excerpt":{"rendered":"<p>Un stand-up micro sur pied dans un halo de lumi\u00e8re, une poursuite ou une douche peut-\u00eatre.Des tournures de phrases bien senties, des mots d&rsquo;esprit, des anecdotes soi-disant personnelles, un d\u00e9bit de mitraillette.\u00a0Peut-\u00eatre.Une gestuelle typique qui cr\u00e9e la connivence.\u00catre \u00e0 la fois insolent et fragile. Attachant mais inattendu. Charismatique et accessible. Sexy mais sympathique.\u00a0Sinon un sujet &hellip; <\/p>\n<p class=\"link-more\"><a href=\"https:\/\/lapetiteassociation.com\/?page_id=270\" class=\"more-link\">Continuer la lecture<span class=\"screen-reader-text\"> de &laquo;&nbsp;Outsider&nbsp;&raquo;<\/span><\/a><\/p>\n","protected":false},"author":1,"featured_media":275,"parent":0,"menu_order":0,"comment_status":"closed","ping_status":"closed","template":"","meta":{"footnotes":""},"class_list":["post-270","page","type-page","status-publish","has-post-thumbnail","hentry"],"_links":{"self":[{"href":"https:\/\/lapetiteassociation.com\/index.php?rest_route=\/wp\/v2\/pages\/270","targetHints":{"allow":["GET"]}}],"collection":[{"href":"https:\/\/lapetiteassociation.com\/index.php?rest_route=\/wp\/v2\/pages"}],"about":[{"href":"https:\/\/lapetiteassociation.com\/index.php?rest_route=\/wp\/v2\/types\/page"}],"author":[{"embeddable":true,"href":"https:\/\/lapetiteassociation.com\/index.php?rest_route=\/wp\/v2\/users\/1"}],"replies":[{"embeddable":true,"href":"https:\/\/lapetiteassociation.com\/index.php?rest_route=%2Fwp%2Fv2%2Fcomments&post=270"}],"version-history":[{"count":4,"href":"https:\/\/lapetiteassociation.com\/index.php?rest_route=\/wp\/v2\/pages\/270\/revisions"}],"predecessor-version":[{"id":285,"href":"https:\/\/lapetiteassociation.com\/index.php?rest_route=\/wp\/v2\/pages\/270\/revisions\/285"}],"wp:featuredmedia":[{"embeddable":true,"href":"https:\/\/lapetiteassociation.com\/index.php?rest_route=\/wp\/v2\/media\/275"}],"wp:attachment":[{"href":"https:\/\/lapetiteassociation.com\/index.php?rest_route=%2Fwp%2Fv2%2Fmedia&parent=270"}],"curies":[{"name":"wp","href":"https:\/\/api.w.org\/{rel}","templated":true}]}}