{"id":39,"date":"2017-07-02T12:05:19","date_gmt":"2017-07-02T10:05:19","guid":{"rendered":"http:\/\/localhost:8888\/wordpress\/?page_id=39"},"modified":"2021-09-30T14:22:49","modified_gmt":"2021-09-30T14:22:49","slug":"outsiders-la-rencontre","status":"publish","type":"page","link":"https:\/\/lapetiteassociation.com\/?page_id=39","title":{"rendered":"Outsiders, la rencontre"},"content":{"rendered":"<p>Le spectacle s\u2019articulera entre le stand-up, un espace de parole et de th\u00e9orie, et celui de l\u2019incarnation et de l\u2019action. Il aura pour enjeu de r\u00e9introduire du collectif dans cette forme spectaculaire du stand-up qui est avant tout l\u2019expression d\u2019une parole individuelle. Il m\u2019importe de rester attach\u00e9e \u00e0 l\u2019aspect comique de la proposition et \u00e0 la performativit\u00e9 du comique : comique visuel, grimace, geste de connivence, imitation, anecdotes personnelles, petit pas de danse&#8230; Je veux revisiter la virtuosit\u00e9 du comique, sa physicalit\u00e9 et utiliser sa puissance performative.<\/p>\n<p>La th\u00e9matique que j\u2019ai choisie d\u2019aborder est celle des in\u00e9galit\u00e9s. Mon d\u00e9sir \u00e9tait de profiter de l&rsquo;humour et de la l\u00e9g\u00e8ret\u00e9 inh\u00e9rente \u00e0 la forme du stand up pour traiter de ce lourd et important sujet des in\u00e9galit\u00e9s. In\u00e9galit\u00e9s en g\u00e9n\u00e9rale : raciales, sociales, de genre et de sexe. Ce sont des sujets au c\u0153ur de nos vies et de l\u2019actualit\u00e9, et pourtant tr\u00e8s difficiles \u00e0 aborder. \u00c0 force de vouloir \u00e9viter la maladresse, la bonne conscience, la na\u00efvet\u00e9, nous ne savons plus quels mots utiliser et ces probl\u00e9matiques deviennent tabous.<\/p>\n<p>Comment rappeler le chemin parcouru et encore \u00e0 parcourir ? Comment se positionner en tant qu\u2019artiste vis \u00e0 vis de ces sujets ? Quelle est ma l\u00e9gitimit\u00e9 pour aborder des th\u00e9matiques comme la lutte des classes, le mouvement des droits civiques, la question du genre ?&nbsp; Si je suis une femme blanche, h\u00e9t\u00e9rosexuelle, issue de la classe moyenne d\u2019un pays d\u00e9mocratique, ai-je le droit d\u2019aborder ces sujets et de me les approprier&nbsp;? Si je suis une femme blanche, h\u00e9t\u00e9rosexuelle, issue de la classe moyenne d\u2019un pays d\u00e9mocratique, ai-je le droit de souffrir des in\u00e9galit\u00e9s&nbsp;? Ai-je d\u2019ailleurs le droit de parler de quoique ce soit&nbsp;?<\/p>\n<p>Nous parlons. D\u2019une seule voix, ou avec une multitude de voix. Les anecdotes s\u2019encha\u00eenent sur un rythme soutenu, des gags, il y a des paillettes, des interm\u00e8des musicaux, des rires enregistr\u00e9s, de la l\u00e9g\u00e8ret\u00e9, qui colorent ces questions de fond. Il y aura un travail chor\u00e9graphique \u00e0 partir de la gestuelle du comique, du stand-uper. Le mouvement dans\u00e9 sera aussi utilis\u00e9 pour sa force po\u00e9tique. Des tableaux, des images fortes et po\u00e9tiques rythmeront ce stand-up collectif et individuel comme des apparitions, des m\u00e9taphores \u00e9clairant ce qui a \u00e9t\u00e9 dit.<\/p>\n<p style=\"text-align: right;\">Aude Lachaise<\/p>\n<p><\/p>\n\n\n<figure class=\"wp-block-embed is-type-video is-provider-vimeo wp-block-embed-vimeo wp-embed-aspect-16-9 wp-has-aspect-ratio\"><div class=\"wp-block-embed__wrapper\">\n<iframe loading=\"lazy\" title=\"Aude Lachaise \/ Outsiders, la rencontre TEASER\" src=\"https:\/\/player.vimeo.com\/video\/264960984?dnt=1&amp;app_id=122963\" width=\"525\" height=\"295\" frameborder=\"0\" allow=\"autoplay; fullscreen; picture-in-picture; clipboard-write\"><\/iframe>\n<\/div><\/figure>\n\n\n\n<pre class=\"wp-block-preformatted\"><strong>Cr\u00e9ation 2017<\/strong>\n\n\n<strong>Distribution<\/strong>  \n\nConcept, mise en sc\u00e8ne :Aude Lachaise \nCollaborateur artistique: Gilles Nicolas\nConseiller dramaturgique: Youness Anzane\nAvec les paroles de Susana Cook et\/ou Yilin Yang, Pol Pi et Aude Lachaise\nInterpr\u00e9tation: Susana Cook et\/ou Yilin Yang, Pol Pi et Aude Lachaise\nSc\u00e9nographie, costumes:Rachel Garcia assist\u00e9e Marjorie Potiron\nR\u00e9gie g\u00e9n\u00e9rale et cr\u00e9ation lumi\u00e8re: St\u00e9phane Bordonaro\t\nR\u00e9gie son et cr\u00e9ation son: Aleksandra Plavsic\t\n\n<strong>Production<\/strong> : La.Pe.A\nCoproduction et soutien en administration: Man\u00e8ge, Sc\u00e8ne nationale de Reims \nDans le cadre du dispositif Accueil-Studio : la m\u00e9nagerie de verre par le biais du studiolab\nAccueil studio : La Briqueterie\n\nLa.Pe.A \/ Aude Lachaise est pour la saison 2017 \u2013 2018, artiste compagnon du Man\u00e8ge, Sc\u00e8ne nationale de Reims.\n<\/pre>\n","protected":false},"excerpt":{"rendered":"<p>Le spectacle s\u2019articulera entre le stand-up, un espace de parole et de th\u00e9orie, et celui de l\u2019incarnation et de l\u2019action. Il aura pour enjeu de r\u00e9introduire du collectif dans cette forme spectaculaire du stand-up qui est avant tout l\u2019expression d\u2019une parole individuelle. Il m\u2019importe de rester attach\u00e9e \u00e0 l\u2019aspect comique de la proposition et \u00e0 &hellip; <\/p>\n<p class=\"link-more\"><a href=\"https:\/\/lapetiteassociation.com\/?page_id=39\" class=\"more-link\">Continuer la lecture<span class=\"screen-reader-text\"> de &laquo;&nbsp;Outsiders, la rencontre&nbsp;&raquo;<\/span><\/a><\/p>\n","protected":false},"author":1,"featured_media":95,"parent":0,"menu_order":0,"comment_status":"closed","ping_status":"closed","template":"","meta":{"footnotes":""},"class_list":["post-39","page","type-page","status-publish","has-post-thumbnail","hentry"],"_links":{"self":[{"href":"https:\/\/lapetiteassociation.com\/index.php?rest_route=\/wp\/v2\/pages\/39","targetHints":{"allow":["GET"]}}],"collection":[{"href":"https:\/\/lapetiteassociation.com\/index.php?rest_route=\/wp\/v2\/pages"}],"about":[{"href":"https:\/\/lapetiteassociation.com\/index.php?rest_route=\/wp\/v2\/types\/page"}],"author":[{"embeddable":true,"href":"https:\/\/lapetiteassociation.com\/index.php?rest_route=\/wp\/v2\/users\/1"}],"replies":[{"embeddable":true,"href":"https:\/\/lapetiteassociation.com\/index.php?rest_route=%2Fwp%2Fv2%2Fcomments&post=39"}],"version-history":[{"count":11,"href":"https:\/\/lapetiteassociation.com\/index.php?rest_route=\/wp\/v2\/pages\/39\/revisions"}],"predecessor-version":[{"id":185,"href":"https:\/\/lapetiteassociation.com\/index.php?rest_route=\/wp\/v2\/pages\/39\/revisions\/185"}],"wp:featuredmedia":[{"embeddable":true,"href":"https:\/\/lapetiteassociation.com\/index.php?rest_route=\/wp\/v2\/media\/95"}],"wp:attachment":[{"href":"https:\/\/lapetiteassociation.com\/index.php?rest_route=%2Fwp%2Fv2%2Fmedia&parent=39"}],"curies":[{"name":"wp","href":"https:\/\/api.w.org\/{rel}","templated":true}]}}