{"id":441,"date":"2023-06-16T14:04:58","date_gmt":"2023-06-16T14:04:58","guid":{"rendered":"https:\/\/lapetiteassociation.com\/?page_id=441"},"modified":"2023-06-20T10:15:56","modified_gmt":"2023-06-20T10:15:56","slug":"la-presse-en-parle","status":"publish","type":"page","link":"https:\/\/lapetiteassociation.com\/?page_id=441","title":{"rendered":"La presse en parle &#8211; LAURENT"},"content":{"rendered":"\n<blockquote class=\"wp-block-quote is-layout-flow wp-block-quote-is-layout-flow\">\n<p><strong>Un spectacle tr\u00e8s original \u00e0 mi-chemin entre danse, th\u00e9\u00e2tre, performance et seule en sc\u00e8ne.&nbsp;<\/strong><\/p>\n\n\n\n<p>Au d\u00e9part, c\u2019est l\u2019histoire d\u2019une fille qui ach\u00e8te une place pour aller voir le spectacle d\u2019un ami qui vit en Am\u00e9rique et le rate\u2026 A partir de cet \u00e9chec, ou plut\u00f4t de cette inad\u00e9quation entre un vague d\u00e9sir et sa r\u00e9alisation, se d\u00e9roule alors tout un sc\u00e9nario, proche de l\u2019autofiction, qui met en sc\u00e8ne dans un curieux \u00ab&nbsp;one woman show&nbsp;\u00bb Aude Lachaise et son double au plateau, ou une femme et son monologue int\u00e9rieur.<\/p>\n\n\n\n<p>Malgr\u00e9 un texte omnipr\u00e9sent, \u00e9crit par la \u00ab&nbsp;chor\u00e9graphe&nbsp;\u00bb elle-m\u00eame,&nbsp;<em>Laurent<\/em>, n\u2019est pas tout \u00e0 fait du th\u00e9\u00e2tre. A cause justement de cette faille permanente entre le r\u00e9cit dela vie int\u00e9rieure d\u2019une femme, marqu\u00e9e par une multitude d\u2019inqui\u00e9tudes, de perturbations qui laisse deviner un espace mental agit\u00e9. Il y a dans cette parole pleine de doutes et mal assur\u00e9e de quoi donner de la place au corps. Et c\u2019est en cela qu\u2019Aude Lachaise est avant tout chor\u00e9graphe et non pas humoriste. Car bien s\u00fbr, il y a une dimension comique assez proche d\u2019une Blanche Gardin dans&nbsp;<em>Laurent<\/em>. A la fois par son absurdit\u00e9 revendiqu\u00e9e et son f\u00e9minisme implicite. Mais il y a aussi et surtout l\u2019engagement physique d\u2019Aude Lachaise, sa gestuelle un peu foutraque et tr\u00e8s travaill\u00e9e qui donne un charme singulier \u00e0 la pi\u00e8ce. L\u2019ensemble est plut\u00f4t dr\u00f4le, l\u00e9ger, comme une sorte de tragi-comique existentiel, avec une part d\u2019autod\u00e9rision.&nbsp;<\/p>\n\n\n\n<p>En tout cas, c\u2019est une forme de spectacle tout \u00e0 fait original, hors normes, flirtant avec la transgression du bon go\u00fbt, mais se moquant aussi des codes du spectacle vivant. La danse y est minimale mais suffisante, le th\u00e9\u00e2tre merveilleusement insuffisant, et la musique insignifiante et pourtant c\u2019est exactement ce m\u00e9lange qui nous plonge au c\u0153ur de l\u2019\u00e9motion dans une tragicom\u00e9die existentielle.<\/p>\n<cite>Agn\u00e8s Izrine Danser Canal historique<\/cite><\/blockquote>\n","protected":false},"excerpt":{"rendered":"<p>Un spectacle tr\u00e8s original \u00e0 mi-chemin entre danse, th\u00e9\u00e2tre, performance et seule en sc\u00e8ne.&nbsp; Au d\u00e9part, c\u2019est l\u2019histoire d\u2019une fille qui ach\u00e8te une place pour aller voir le spectacle d\u2019un ami qui vit en Am\u00e9rique et le rate\u2026 A partir de cet \u00e9chec, ou plut\u00f4t de cette inad\u00e9quation entre un vague d\u00e9sir et sa r\u00e9alisation, &hellip; <\/p>\n<p class=\"link-more\"><a href=\"https:\/\/lapetiteassociation.com\/?page_id=441\" class=\"more-link\">Continuer la lecture<span class=\"screen-reader-text\"> de &laquo;&nbsp;La presse en parle &#8211; LAURENT&nbsp;&raquo;<\/span><\/a><\/p>\n","protected":false},"author":1,"featured_media":0,"parent":0,"menu_order":0,"comment_status":"closed","ping_status":"closed","template":"","meta":{"footnotes":""},"class_list":["post-441","page","type-page","status-publish","hentry"],"_links":{"self":[{"href":"https:\/\/lapetiteassociation.com\/index.php?rest_route=\/wp\/v2\/pages\/441","targetHints":{"allow":["GET"]}}],"collection":[{"href":"https:\/\/lapetiteassociation.com\/index.php?rest_route=\/wp\/v2\/pages"}],"about":[{"href":"https:\/\/lapetiteassociation.com\/index.php?rest_route=\/wp\/v2\/types\/page"}],"author":[{"embeddable":true,"href":"https:\/\/lapetiteassociation.com\/index.php?rest_route=\/wp\/v2\/users\/1"}],"replies":[{"embeddable":true,"href":"https:\/\/lapetiteassociation.com\/index.php?rest_route=%2Fwp%2Fv2%2Fcomments&post=441"}],"version-history":[{"count":7,"href":"https:\/\/lapetiteassociation.com\/index.php?rest_route=\/wp\/v2\/pages\/441\/revisions"}],"predecessor-version":[{"id":528,"href":"https:\/\/lapetiteassociation.com\/index.php?rest_route=\/wp\/v2\/pages\/441\/revisions\/528"}],"wp:attachment":[{"href":"https:\/\/lapetiteassociation.com\/index.php?rest_route=%2Fwp%2Fv2%2Fmedia&parent=441"}],"curies":[{"name":"wp","href":"https:\/\/api.w.org\/{rel}","templated":true}]}}