{"id":453,"date":"2023-06-16T14:30:24","date_gmt":"2023-06-16T14:30:24","guid":{"rendered":"https:\/\/lapetiteassociation.com\/?page_id=453"},"modified":"2023-06-20T10:15:04","modified_gmt":"2023-06-20T10:15:04","slug":"la-presse-en-parle-en-souvenir-de-lindien","status":"publish","type":"page","link":"https:\/\/lapetiteassociation.com\/?page_id=453","title":{"rendered":"La presse en parle- EN SOUVENIR DE L&rsquo;INDIEN"},"content":{"rendered":"\n<figure class=\"wp-block-image size-large\"><img loading=\"lazy\" decoding=\"async\" width=\"1024\" height=\"683\" src=\"https:\/\/lapetiteassociation.com\/wp-content\/uploads\/2023\/06\/en-souvenir-de-lindien-aude-lachaise-30-07-15-csarah-oyserman-11-1024x683.jpg\" alt=\"\" class=\"wp-image-526\" srcset=\"https:\/\/lapetiteassociation.com\/wp-content\/uploads\/2023\/06\/en-souvenir-de-lindien-aude-lachaise-30-07-15-csarah-oyserman-11-1024x683.jpg 1024w, https:\/\/lapetiteassociation.com\/wp-content\/uploads\/2023\/06\/en-souvenir-de-lindien-aude-lachaise-30-07-15-csarah-oyserman-11-300x200.jpg 300w, https:\/\/lapetiteassociation.com\/wp-content\/uploads\/2023\/06\/en-souvenir-de-lindien-aude-lachaise-30-07-15-csarah-oyserman-11-768x512.jpg 768w, https:\/\/lapetiteassociation.com\/wp-content\/uploads\/2023\/06\/en-souvenir-de-lindien-aude-lachaise-30-07-15-csarah-oyserman-11.jpg 1280w\" sizes=\"auto, (max-width: 767px) 89vw, (max-width: 1000px) 54vw, (max-width: 1071px) 543px, 580px\" \/><\/figure>\n\n\n\n<p class=\"has-text-align-left\">Belle d\u00e9prime (samedi, 26 septembre 2015)<br><br>\u00ab&nbsp;Cette pi\u00e8ce n\u2019est-elle pas tr\u00e8s noire ou est-ce moi-m\u00eame qui suis d\u00e9prim\u00e9 ? Ce soir, plong\u00e9e tout droit dans le sujet d\u00e9sabus\u00e9 de la perte d\u2019int\u00e9r\u00eat pour le travail, avec par le plus grand des hasards le cas d\u2019un chor\u00e9graphe d\u00e9motiv\u00e9. Son ent\u00eatement \u00e0 rater mieux. Mais si l\u2019humour est la politesse du d\u00e9sespoir, l\u2019art du d\u00e9calage est ce qui sublime la pi\u00e8ce d\u2019Aude Lachaise. Brouillage des fronti\u00e8res pour une proposition \u00e9tiquet\u00e9e danse o\u00f9 l\u2019on n\u2019arr\u00eate pas de parler, intrusion du modern-jazz dans le genre contemporain, quasi-synchronisation entre les voix des uns et les corps des autres, d\u00e9rapage contr\u00f4l\u00e9 d\u2019un r\u00e9citatif d\u2019une pr\u00e9cision chirurgicale en une com\u00e9die musicale m\u00e9taphysique et exub\u00e9rante. C\u2019est d\u00e9licieux. L\u2019understatement joue \u00e0 cache-cache avec l\u2019affect, l\u2019angoisse s\u2019\u00e9vacue en danse jusqu\u2019\u00e0 l\u2019\u00e9puisement des corps, avec de belles surprises visuelles. La d\u00e9prime adulte d\u00e9rive en de savoureux moments de r\u00e9gression infantile.<br>Bien heureusement : Aude Lachaise pratique un art d\u2019une insoutenable l\u00e9g\u00e8ret\u00e9. \u00bb<br><br>Guy Degeorges \/\/ Un soir ou un autre<\/p>\n","protected":false},"excerpt":{"rendered":"<p>Belle d\u00e9prime (samedi, 26 septembre 2015) \u00ab&nbsp;Cette pi\u00e8ce n\u2019est-elle pas tr\u00e8s noire ou est-ce moi-m\u00eame qui suis d\u00e9prim\u00e9 ? Ce soir, plong\u00e9e tout droit dans le sujet d\u00e9sabus\u00e9 de la perte d\u2019int\u00e9r\u00eat pour le travail, avec par le plus grand des hasards le cas d\u2019un chor\u00e9graphe d\u00e9motiv\u00e9. Son ent\u00eatement \u00e0 rater mieux. Mais si l\u2019humour &hellip; <\/p>\n<p class=\"link-more\"><a href=\"https:\/\/lapetiteassociation.com\/?page_id=453\" class=\"more-link\">Continuer la lecture<span class=\"screen-reader-text\"> de &laquo;&nbsp;La presse en parle- EN SOUVENIR DE L&rsquo;INDIEN&nbsp;&raquo;<\/span><\/a><\/p>\n","protected":false},"author":1,"featured_media":0,"parent":437,"menu_order":0,"comment_status":"closed","ping_status":"closed","template":"","meta":{"footnotes":""},"class_list":["post-453","page","type-page","status-publish","hentry"],"_links":{"self":[{"href":"https:\/\/lapetiteassociation.com\/index.php?rest_route=\/wp\/v2\/pages\/453","targetHints":{"allow":["GET"]}}],"collection":[{"href":"https:\/\/lapetiteassociation.com\/index.php?rest_route=\/wp\/v2\/pages"}],"about":[{"href":"https:\/\/lapetiteassociation.com\/index.php?rest_route=\/wp\/v2\/types\/page"}],"author":[{"embeddable":true,"href":"https:\/\/lapetiteassociation.com\/index.php?rest_route=\/wp\/v2\/users\/1"}],"replies":[{"embeddable":true,"href":"https:\/\/lapetiteassociation.com\/index.php?rest_route=%2Fwp%2Fv2%2Fcomments&post=453"}],"version-history":[{"count":4,"href":"https:\/\/lapetiteassociation.com\/index.php?rest_route=\/wp\/v2\/pages\/453\/revisions"}],"predecessor-version":[{"id":527,"href":"https:\/\/lapetiteassociation.com\/index.php?rest_route=\/wp\/v2\/pages\/453\/revisions\/527"}],"up":[{"embeddable":true,"href":"https:\/\/lapetiteassociation.com\/index.php?rest_route=\/wp\/v2\/pages\/437"}],"wp:attachment":[{"href":"https:\/\/lapetiteassociation.com\/index.php?rest_route=%2Fwp%2Fv2%2Fmedia&parent=453"}],"curies":[{"name":"wp","href":"https:\/\/api.w.org\/{rel}","templated":true}]}}