{"id":455,"date":"2023-06-16T14:39:29","date_gmt":"2023-06-16T14:39:29","guid":{"rendered":"https:\/\/lapetiteassociation.com\/?page_id=455"},"modified":"2023-06-20T10:05:37","modified_gmt":"2023-06-20T10:05:37","slug":"la-presse-en-parle-marlon","status":"publish","type":"page","link":"https:\/\/lapetiteassociation.com\/?page_id=455","title":{"rendered":"La presse en parle &#8211; MARLON"},"content":{"rendered":"\n<blockquote class=\"wp-block-quote is-layout-flow wp-block-quote-is-layout-flow\">\n<p>\u00ab Quant \u00e0 la bien culott\u00e9e Aude Lachaise, sa conf\u00e9rence postf\u00e9ministe, d\u00e9ploy\u00e9e en circonvolutions linguistiques, n\u2019a rien de t\u00e9l\u00e9command\u00e9. Son Marlon, dans lequel elle rejoue son fantasme pour l\u2019acteur Marlon Brando, n\u2019\u00e9tait sans doute pas, a priori, la forme dans laquelle on attendait en solo cette interpr\u00e8te de Eszter Salamon ou d\u2019Olga Mesa. Elle s\u2019est invent\u00e9 une forme pour elle, dit-elle. Sexy et parodique. Et c\u2019est tant mieux, car l\u2019engouement pour l\u2019\u00e9criture ma\u00eetris\u00e9e de son texte et la sinc\u00e9rit\u00e9 de sa parole montre \u00e0 quel point le milieu du th\u00e9\u00e2tre contemporain a su reconsid\u00e9rer ses propres tabous. \u00bb<\/p>\n<cite>Eve Beauvallet, mouvement.net<br><\/cite><\/blockquote>\n\n\n\n<blockquote class=\"wp-block-quote is-layout-flow wp-block-quote-is-layout-flow\">\n<p>\u00abLaissant de c\u00f4t\u00e9 sa formation de danseuse pour n\u2019en garder que l\u2019aisance \u00e0 se tortiller plus ou moins sensuellement sur sc\u00e8ne, la jeune femme y parle de tout avec humour et philosophie. De la mayonnaise et du statut de danseur contemporain prol\u00e9taire, de films, du mot \u00ab sexe \u00bb et du mot \u00ab cul \u00bb, de contact mou ou dur, de d\u00e9sir sutout. Avec Marlon Brando comme figure tut\u00e9laire (et fantasm\u00e9e) de l\u2019artiste dandy et culte, Aude Lachaise trouve l\u00e0 un point d\u2019\u00e9quilibre et de voltage entre gouaille verbale et ironie physique. \u00bb<\/p>\n<cite>Jean-Marc Adolphe, Mouvement<\/cite><\/blockquote>\n\n\n\n<p><\/p>\n\n\n\n<blockquote class=\"wp-block-quote is-layout-flow wp-block-quote-is-layout-flow\">\n<p>\u00ab *\u2026+ Elle fait mentir outrageusement ceux qui pensent que les danseurs ne savent que danser et les bimbos que sourire. Elle sait parler et \u00e9crire, et avec un brio certain (avis aux \u00e9diteurs !). Aude est belle mais ne se tait pas. Enfin elle parle cul sans se mettre \u00e0 poil. En danse contemporaine, une vraie provocation. *\u2026+ Directe et styl\u00e9e, sans doute belle amoureuse, et au dedans bouillante et survolt\u00e9e, cette petite bonne femme en jupe et au texte bien trouss\u00e9 pratique l\u2019humour de race. A coup s\u00fbr, Aude Lachaise a encore beaucoup \u00e0 dire et \u00e0 montrer. \u00bb<\/p>\n<cite>Guy Degeorges, Images de danse<\/cite><\/blockquote>\n\n\n\n<p><\/p>\n\n\n\n<p><\/p>\n\n\n\n<figure class=\"wp-block-image size-full\"><img loading=\"lazy\" decoding=\"async\" width=\"750\" height=\"961\" src=\"https:\/\/lapetiteassociation.com\/wp-content\/uploads\/2023\/06\/Presse.png\" alt=\"\" class=\"wp-image-458\" srcset=\"https:\/\/lapetiteassociation.com\/wp-content\/uploads\/2023\/06\/Presse.png 750w, https:\/\/lapetiteassociation.com\/wp-content\/uploads\/2023\/06\/Presse-234x300.png 234w\" sizes=\"auto, (max-width: 706px) 89vw, (max-width: 767px) 82vw, 740px\" \/><\/figure>\n\n\n\n<p><\/p>\n","protected":false},"excerpt":{"rendered":"<p>\u00ab Quant \u00e0 la bien culott\u00e9e Aude Lachaise, sa conf\u00e9rence postf\u00e9ministe, d\u00e9ploy\u00e9e en circonvolutions linguistiques, n\u2019a rien de t\u00e9l\u00e9command\u00e9. Son Marlon, dans lequel elle rejoue son fantasme pour l\u2019acteur Marlon Brando, n\u2019\u00e9tait sans doute pas, a priori, la forme dans laquelle on attendait en solo cette interpr\u00e8te de Eszter Salamon ou d\u2019Olga Mesa. Elle s\u2019est &hellip; <\/p>\n<p class=\"link-more\"><a href=\"https:\/\/lapetiteassociation.com\/?page_id=455\" class=\"more-link\">Continuer la lecture<span class=\"screen-reader-text\"> de &laquo;&nbsp;La presse en parle &#8211; MARLON&nbsp;&raquo;<\/span><\/a><\/p>\n","protected":false},"author":1,"featured_media":0,"parent":437,"menu_order":0,"comment_status":"closed","ping_status":"closed","template":"","meta":{"footnotes":""},"class_list":["post-455","page","type-page","status-publish","hentry"],"_links":{"self":[{"href":"https:\/\/lapetiteassociation.com\/index.php?rest_route=\/wp\/v2\/pages\/455","targetHints":{"allow":["GET"]}}],"collection":[{"href":"https:\/\/lapetiteassociation.com\/index.php?rest_route=\/wp\/v2\/pages"}],"about":[{"href":"https:\/\/lapetiteassociation.com\/index.php?rest_route=\/wp\/v2\/types\/page"}],"author":[{"embeddable":true,"href":"https:\/\/lapetiteassociation.com\/index.php?rest_route=\/wp\/v2\/users\/1"}],"replies":[{"embeddable":true,"href":"https:\/\/lapetiteassociation.com\/index.php?rest_route=%2Fwp%2Fv2%2Fcomments&post=455"}],"version-history":[{"count":3,"href":"https:\/\/lapetiteassociation.com\/index.php?rest_route=\/wp\/v2\/pages\/455\/revisions"}],"predecessor-version":[{"id":519,"href":"https:\/\/lapetiteassociation.com\/index.php?rest_route=\/wp\/v2\/pages\/455\/revisions\/519"}],"up":[{"embeddable":true,"href":"https:\/\/lapetiteassociation.com\/index.php?rest_route=\/wp\/v2\/pages\/437"}],"wp:attachment":[{"href":"https:\/\/lapetiteassociation.com\/index.php?rest_route=%2Fwp%2Fv2%2Fmedia&parent=455"}],"curies":[{"name":"wp","href":"https:\/\/api.w.org\/{rel}","templated":true}]}}