{"id":66,"date":"2017-10-09T21:08:11","date_gmt":"2017-10-09T21:08:11","guid":{"rendered":"http:\/\/lapetiteassociation.com\/?page_id=66"},"modified":"2021-09-30T14:12:29","modified_gmt":"2021-09-30T14:12:29","slug":"en-souvenir-de-lindien","status":"publish","type":"page","link":"https:\/\/lapetiteassociation.com\/?page_id=66","title":{"rendered":"En Souvenir de l&rsquo;Indien"},"content":{"rendered":"<p>\u00ab Je vais vous raconter une histoire, une histoire vraiment triste. C\u2019est l\u2019histoire de quelqu\u2019un qui a un gros probl\u00e8me avec sa profession, \u00e0 savoir qu\u2019il a d\u00e9velopp\u00e9 une phobie pour son travail. Et bien s\u00fbr, c\u2019est tr\u00e8s g\u00eanant, parce que c\u2019est son travail, celui qui le nourrit, celui qu\u2019il a choisi et je dirais m\u00eame surtout celui qu\u2019il aime. \u00bb<\/p>\n\n\n<p><\/p>\n\n\n\n<figure class=\"wp-block-embed is-type-video is-provider-vimeo wp-block-embed-vimeo wp-embed-aspect-16-9 wp-has-aspect-ratio\"><div class=\"wp-block-embed__wrapper\">\n<iframe loading=\"lazy\" title=\"En Souvenir De L&#039;Indien (teaser)\" src=\"https:\/\/player.vimeo.com\/video\/142187621?dnt=1&amp;app_id=122963\" width=\"525\" height=\"295\" frameborder=\"0\" allow=\"autoplay; fullscreen; picture-in-picture; clipboard-write\"><\/iframe>\n<\/div><\/figure>\n\n\n\n<p>Belle d\u00e9prime (samedi, 26 septembre 2015)<br>\u00ab\u00a0Cette pi\u00e8ce n\u2019est-elle pas tr\u00e8s noire ou est-ce moi-m\u00eame qui suis d\u00e9prim\u00e9 ? Ce soir, plong\u00e9e tout droit dans le sujet d\u00e9sabus\u00e9 de la perte d\u2019int\u00e9r\u00eat pour le travail, avec par le plus grand des hasards le cas d\u2019un chor\u00e9graphe d\u00e9motiv\u00e9. Son ent\u00eatement \u00e0 rater mieux. Mais si l\u2019humour est la politesse du d\u00e9sespoir, l\u2019art du d\u00e9calage est ce qui sublime la pi\u00e8ce d\u2019Aude Lachaise. Brouillage des fronti\u00e8res pour une proposition \u00e9tiquet\u00e9e danse o\u00f9 l\u2019on n\u2019arr\u00eate pas de parler, intrusion du modern-jazz dans le genre contemporain, quasi-synchronisation entre les voix des uns et les corps des autres, d\u00e9rapage contr\u00f4l\u00e9 d\u2019un r\u00e9citatif d\u2019une pr\u00e9cision chirurgicale en une com\u00e9die musicale m\u00e9taphysique et exub\u00e9rante. C\u2019est d\u00e9licieux. L\u2019understatement joue \u00e0 cache-cache avec l\u2019affect, l\u2019angoisse s\u2019\u00e9vacue en danse jusqu\u2019\u00e0 l\u2019\u00e9puisement des corps, avec de belles surprises visuelles. La d\u00e9prime adulte d\u00e9rive en de savoureux moments de r\u00e9gression infantile.<br>Bien heureusement : Aude Lachaise pratique un art d\u2019une insoutenable l\u00e9g\u00e8ret\u00e9. \u00bb<br>Guy Degeorges \/\/ Un soir ou un autre<\/p>\n\n\n\n<figure class=\"wp-block-image size-large\"><img loading=\"lazy\" decoding=\"async\" width=\"683\" height=\"1024\" src=\"https:\/\/lapetiteassociation.com\/wp-content\/uploads\/2017\/10\/en-souvenir-de-lindien-aude-lachaise-30-07-15-csarah-oyserman-12-683x1024.jpg\" alt=\"\" class=\"wp-image-59\" srcset=\"https:\/\/lapetiteassociation.com\/wp-content\/uploads\/2017\/10\/en-souvenir-de-lindien-aude-lachaise-30-07-15-csarah-oyserman-12-683x1024.jpg 683w, https:\/\/lapetiteassociation.com\/wp-content\/uploads\/2017\/10\/en-souvenir-de-lindien-aude-lachaise-30-07-15-csarah-oyserman-12-200x300.jpg 200w, https:\/\/lapetiteassociation.com\/wp-content\/uploads\/2017\/10\/en-souvenir-de-lindien-aude-lachaise-30-07-15-csarah-oyserman-12-768x1151.jpg 768w, https:\/\/lapetiteassociation.com\/wp-content\/uploads\/2017\/10\/en-souvenir-de-lindien-aude-lachaise-30-07-15-csarah-oyserman-12.jpg 854w\" sizes=\"auto, (max-width: 683px) 100vw, 683px\" \/><\/figure>\n\n\n\n<pre class=\"wp-block-preformatted\"><strong>Cr\u00e9ation 2015<\/strong>\n\n<strong>Distribution: <\/strong>\nTexte in\u00e9dit et Chor\u00e9graphie : Aude Lachaise\nAvec Aude Lachaise, Guillaume L\u00e9glise, Nicolas Martel et Gilles Nicolas\nMusique Guillaume L\u00e9glise\nSc\u00e9nographie Sallahdyn Khatir\nLumi\u00e8re Sylvie Garot\nR\u00e9gie g\u00e9n\u00e9rale Laurent Le Gall\nR\u00e9gie lumi\u00e8re Georgia Ben Brahim \/ Sylvie Garot en alternance\n\n<strong>Production :<\/strong> La.Pe.A \/ Aude Lachaise\n\n<strong>Co-productions <\/strong>: Theater Aan Zee, Oostende ; A-CDC (Association des CDC) : Art Danse - CDC Dijon Bourgogne, CDC Atelier de Paris-Carolyn Carlson, La Briqueterie - CDC du Val-de-Marne, Le Cuvier - CDC d'Aquitaine, L'Echangeur - CDC Picardie, Le Gymnase I CDC Roubaix - Nord pas de Calais, Le Pacifique I CDC - Grenoble, P\u00f4le Sud - CDC de Strasbourg en pr\u00e9figuration, CDC Toulouse \/ Midi-Pyr\u00e9n\u00e9es, CDC Uz\u00e8s Danse ; Le Vivat, Sc\u00e8ne Conventionn\u00e9e Danse et Th\u00e9\u00e2tre d\u2019Armenti\u00e8res ; Les Tr\u00e9teaux de France, Centre Dramatique National, Pantin.\nAvec le soutien de Mains d\u2019Oeuvres, St-Ouen ; Micadanses, Paris ; Le Th\u00e9\u00e2tre des Bergeries, Noisy-le-Sec ; Centre National de la Danse, Pantin ; T2G, Th\u00e9\u00e2tre de Gennevilliers.\nCe projet a b\u00e9n\u00e9fici\u00e9 du soutien de la SACD \/ Beaumarchais et de l\u2019Adami.\nAvec le soutien de la DRAC Ile-de-France - Minist\u00e8re de la Culture et de la Communication au titre de l\u2019aide au projet.\nEt l\u2019aide d\u2019Arcadi \u00cele-de-France \/ Dispositif d\u2019accompagnements\nEn Souvenir de l\u2019Indien est soutenu par l\u2019A-CDC (Association des CDC) et en tourn\u00e9e dans le r\u00e9seau des CDC durant la saison 2015\/16.\nEn Souvenir de l'Indien b\u00e9n\u00e9ficie de la charte d'aide \u00e0 la diffusion de l'Onda sur la saison 2016\/2017 et 2016\/2018.\n\n<strong>\u00a9 Sarah Oyserman<\/strong><\/pre>\n\n\n\n<p>dates pass\u00e9es:<\/p>\n\n\n\n<p>&#8211; Cr\u00e9ation les 30, 31 juillet et 1er ao\u00fbt 2015 : Festival Theater Aan Zee &#8211; Oostende &#8211; Belgique.<br>&#8211; 24 et 25 septembre 2015 : CDC Ateliers de Paris \u2013 Carolyn Carlson en partenariat avec La Briqueterie &#8211; CDC du Val-de-Marne, dans le cadre des Plateaux.<br>&#8211; 13 octobre 2015 : Festival C\u2019est comme \u00e7a !, L\u2019Echangeur \u2013 CDC Picardie \/ Maison des Arts de Laon.<br>&#8211; 20 janvier 2016 : Festival Art Danse &#8211; CDC Dijon Bourgogne \/ Th\u00e9\u00e2tre Mansart.<br>&#8211; 25 janvier 2016 : Concentr\u00e9 de danses, Le Pacifique \u2013 CDC de Grenoble.<br>&#8211; 23 mars 2016 : Le Grand Bain, Le Gymnase \u2013 CDC de Roubaix Nord Pas de Calais (en collaboration avec le Vivat \u2013 Sc\u00e8ne conventionn\u00e9e danse et th\u00e9\u00e2tre d\u2019Armenti\u00e8res)<br>&#8211; 30 mars 2016 : CDC de Toulouse \/ Midi-Pyr\u00e9n\u00e9es \/ Th\u00e9\u00e2tre de la Fabrique.<br>&#8211; 21 avril 2016 : P\u00f4le Sud \u2013 CDC Strasbourg en pr\u00e9figuration.<br>&#8211; 19 mai 2016 : Le Cuvier \u2013 CDC d\u2019Aquitaine \/ Hors les murs : La Manufacture Atlantique \u2013 Bordeaux.<br>&#8211; 11 Juin 2016 : CDC Uz\u00e8s Danse.<\/p>\n","protected":false},"excerpt":{"rendered":"<p>\u00ab Je vais vous raconter une histoire, une histoire vraiment triste. C\u2019est l\u2019histoire de quelqu\u2019un qui a un gros probl\u00e8me avec sa profession, \u00e0 savoir qu\u2019il a d\u00e9velopp\u00e9 une phobie pour son travail. Et bien s\u00fbr, c\u2019est tr\u00e8s g\u00eanant, parce que c\u2019est son travail, celui qui le nourrit, celui qu\u2019il a choisi et je dirais &hellip; <\/p>\n<p class=\"link-more\"><a href=\"https:\/\/lapetiteassociation.com\/?page_id=66\" class=\"more-link\">Continuer la lecture<span class=\"screen-reader-text\"> de &laquo;&nbsp;En Souvenir de l&rsquo;Indien&nbsp;&raquo;<\/span><\/a><\/p>\n","protected":false},"author":1,"featured_media":58,"parent":0,"menu_order":0,"comment_status":"closed","ping_status":"closed","template":"","meta":{"footnotes":""},"class_list":["post-66","page","type-page","status-publish","has-post-thumbnail","hentry"],"_links":{"self":[{"href":"https:\/\/lapetiteassociation.com\/index.php?rest_route=\/wp\/v2\/pages\/66","targetHints":{"allow":["GET"]}}],"collection":[{"href":"https:\/\/lapetiteassociation.com\/index.php?rest_route=\/wp\/v2\/pages"}],"about":[{"href":"https:\/\/lapetiteassociation.com\/index.php?rest_route=\/wp\/v2\/types\/page"}],"author":[{"embeddable":true,"href":"https:\/\/lapetiteassociation.com\/index.php?rest_route=\/wp\/v2\/users\/1"}],"replies":[{"embeddable":true,"href":"https:\/\/lapetiteassociation.com\/index.php?rest_route=%2Fwp%2Fv2%2Fcomments&post=66"}],"version-history":[{"count":8,"href":"https:\/\/lapetiteassociation.com\/index.php?rest_route=\/wp\/v2\/pages\/66\/revisions"}],"predecessor-version":[{"id":175,"href":"https:\/\/lapetiteassociation.com\/index.php?rest_route=\/wp\/v2\/pages\/66\/revisions\/175"}],"wp:featuredmedia":[{"embeddable":true,"href":"https:\/\/lapetiteassociation.com\/index.php?rest_route=\/wp\/v2\/media\/58"}],"wp:attachment":[{"href":"https:\/\/lapetiteassociation.com\/index.php?rest_route=%2Fwp%2Fv2%2Fmedia&parent=66"}],"curies":[{"name":"wp","href":"https:\/\/api.w.org\/{rel}","templated":true}]}}